{"id":292,"date":"2019-07-25T09:26:09","date_gmt":"2019-07-25T09:26:09","guid":{"rendered":"https:\/\/illyrianboutiquehotel.com\/index.php\/restaurant\/"},"modified":"2019-08-21T09:10:52","modified_gmt":"2019-08-21T09:10:52","slug":"restaurant","status":"publish","type":"page","link":"https:\/\/illyrianboutiquehotel.com\/index.php\/restaurant\/?lang=sq","title":{"rendered":"RESTORANT"},"content":{"rendered":"<div class=\"wpb-content-wrapper\"><p>[vc_row][vc_column width=&#8221;2\/3&#8243; css=&#8221;.vc_custom_1564047563641{background-color: #f4f4f4 !important;}&#8221; offset=&#8221;vc_hidden-sm vc_hidden-xs&#8221;][vc_custom_heading text=&#8221;Restorant Epidamn&#8221; font_container=&#8221;tag:h2|font_size:60|text_align:left|color:%23ad8932&#8243; google_fonts=&#8221;font_family:Great%20Vibes%3Aregular|font_style:400%20regular%3A400%3Anormal&#8221; css=&#8221;.vc_custom_1564058858212{margin-top: -50px !important;}&#8221;][vc_custom_heading text=&#8221;Ushqim q\u00eb ju inspiron&#8221; font_container=&#8221;tag:h2|text_align:left|color:%23333333&#8243; google_fonts=&#8221;font_family:Playfair%20Display%3Aregular%2Citalic%2C700%2C700italic%2C900%2C900italic|font_style:400%20regular%3A400%3Anormal&#8221;][vc_custom_heading text=&#8221;N\u00ebse do t\u00eb keni nj\u00eb drek\u00eb biznesi, dark\u00eb romantike me qirinj ose thjesht nj\u00eb pije pas nj\u00eb dite t\u00eb z\u00ebn\u00eb, Restoranti Epidamn gjithmon\u00eb do t&#8217;i plot\u00ebsoj\u00eb nevojat tuaja. Mos hezitoni t\u00eb rezervoni nj\u00eb tryez\u00eb dhe mbr\u00ebmja juaj do t\u00eb shnd\u00ebrrohet n\u00eb nj\u00eb udh\u00ebtim t\u00eb v\u00ebrtet\u00eb k\u00ebnaq\u00ebsie, duke zbuluar nj\u00eb m\u00ebnyr\u00eb t\u00eb re t\u00eb interpretimit t\u00eb traditave kuzhinare t\u00eb nj\u00eb rajoni q\u00eb \u00ebsht\u00eb nj\u00eb nga m\u00eb t\u00eb pasurit n\u00eb shije dhe receta.&#8221; font_container=&#8221;tag:p|text_align:left|color:%23333333&#8243; google_fonts=&#8221;font_family:Playfair%20Display%3Aregular%2Citalic%2C700%2C700italic%2C900%2C900italic|font_style:400%20regular%3A400%3Anormal&#8221; css=&#8221;.vc_custom_1564058975208{padding-right: 40px !important;}&#8221;][vc_empty_space][vc_row_inner][vc_column_inner width=&#8221;1\/3&#8243;][vc_btn title=&#8221;MENU BURGER&#8221; style=&#8221;outline-custom&#8221; outline_custom_color=&#8221;#ad8932&#8243; outline_custom_hover_background=&#8221;#000000&#8243; outline_custom_hover_text=&#8221;#ffffff&#8221; shape=&#8221;square&#8221; align=&#8221;left&#8221;][\/vc_column_inner][vc_column_inner width=&#8221;1\/3&#8243;][vc_btn title=&#8221;MENU RESTORANT&#8221; style=&#8221;custom&#8221; custom_background=&#8221;#ad8932&#8243; custom_text=&#8221;#ffffff&#8221; shape=&#8221;square&#8221; align=&#8221;left&#8221; css=&#8221;.vc_custom_1566305084331{margin-left: -50px !important;}&#8221;][\/vc_column_inner][vc_column_inner width=&#8221;1\/3&#8243;][vc_btn title=&#8221;MENU VERE&#8221; style=&#8221;outline-custom&#8221; outline_custom_color=&#8221;#ad8932&#8243; outline_custom_hover_background=&#8221;#000000&#8243; outline_custom_hover_text=&#8221;#ffffff&#8221; shape=&#8221;square&#8221; align=&#8221;left&#8221; css=&#8221;.vc_custom_1566305101083{margin-left: -50px !important;}&#8221;][\/vc_column_inner][\/vc_row_inner][\/vc_column][vc_column width=&#8221;1\/3&#8243; offset=&#8221;vc_hidden-sm vc_hidden-xs&#8221;][vc_single_image image=&#8221;201&#8243; img_size=&#8221;full&#8221; image_hovers=&#8221;false&#8221; css=&#8221;.vc_custom_1564044196229{margin-left: -40px !important;}&#8221;][\/vc_column][\/vc_row][vc_row][vc_column width=&#8221;2\/3&#8243; css=&#8221;.vc_custom_1564047571544{background-color: #f4f4f4 !important;}&#8221; offset=&#8221;vc_hidden-lg vc_hidden-md&#8221;][vc_custom_heading text=&#8221;Restorant Epidamn&#8221; font_container=&#8221;tag:h2|font_size:60|text_align:left|color:%23ad8932&#8243; google_fonts=&#8221;font_family:Great%20Vibes%3Aregular|font_style:400%20regular%3A400%3Anormal&#8221; css=&#8221;.vc_custom_1564058962982{margin-top: -50px !important;}&#8221;][vc_custom_heading text=&#8221;Ushqim q\u00eb ju inspiron&#8221; font_container=&#8221;tag:h2|text_align:left|color:%23333333&#8243; google_fonts=&#8221;font_family:Playfair%20Display%3Aregular%2Citalic%2C700%2C700italic%2C900%2C900italic|font_style:400%20regular%3A400%3Anormal&#8221;][vc_custom_heading text=&#8221;N\u00ebse do t\u00eb keni nj\u00eb drek\u00eb biznesi, dark\u00eb romantike me qirinj ose thjesht nj\u00eb pije pas nj\u00eb dite t\u00eb z\u00ebn\u00eb, Restoranti Epidamn gjithmon\u00eb do t&#8217;i plot\u00ebsoj\u00eb nevojat tuaja. Mos hezitoni t\u00eb rezervoni nj\u00eb tryez\u00eb dhe mbr\u00ebmja juaj do t\u00eb shnd\u00ebrrohet n\u00eb nj\u00eb udh\u00ebtim t\u00eb v\u00ebrtet\u00eb k\u00ebnaq\u00ebsie, duke zbuluar nj\u00eb m\u00ebnyr\u00eb t\u00eb re t\u00eb interpretimit t\u00eb traditave kuzhinare t\u00eb nj\u00eb rajoni q\u00eb \u00ebsht\u00eb nj\u00eb nga m\u00eb t\u00eb pasurit n\u00eb shije dhe receta.&#8221; font_container=&#8221;tag:p|text_align:left|color:%23333333&#8243; google_fonts=&#8221;font_family:Playfair%20Display%3Aregular%2Citalic%2C700%2C700italic%2C900%2C900italic|font_style:400%20regular%3A400%3Anormal&#8221; css=&#8221;.vc_custom_1564058979969{padding-right: 40px !important;}&#8221;][vc_empty_space][vc_btn title=&#8221;MENU RESTORANT&#8221; style=&#8221;custom&#8221; custom_background=&#8221;#ad8932&#8243; custom_text=&#8221;#ffffff&#8221; shape=&#8221;square&#8221; align=&#8221;left&#8221; css=&#8221;.vc_custom_1566305084331{margin-left: -50px !important;}&#8221;][\/vc_column][vc_column width=&#8221;1\/3&#8243; offset=&#8221;vc_hidden-lg vc_hidden-md&#8221;][\/vc_column][\/vc_row][vc_row][vc_column width=&#8221;2\/3&#8243; offset=&#8221;vc_hidden-lg vc_hidden-md&#8221;][vc_single_image image=&#8221;201&#8243; img_size=&#8221;full&#8221; alignment=&#8221;center&#8221; image_hovers=&#8221;false&#8221; css=&#8221;.vc_custom_1564047691913{margin-left: -40px !important;}&#8221;][vc_btn title=&#8221;MENU BURGER&#8221; style=&#8221;outline-custom&#8221; outline_custom_color=&#8221;#ad8932&#8243; outline_custom_hover_background=&#8221;#000000&#8243; outline_custom_hover_text=&#8221;#ffffff&#8221; shape=&#8221;square&#8221; align=&#8221;left&#8221;][vc_custom_heading text=&#8221;RELAX&#8221; font_container=&#8221;tag:h2|text_align:left|color:%23333333&#8243; google_fonts=&#8221;font_family:Playfair%20Display%3Aregular%2Citalic%2C700%2C700italic%2C900%2C900italic|font_style:400%20regular%3A400%3Anormal&#8221;][vc_custom_heading text=&#8221;Ne jemi t\u00eb vendosur n\u00eb Sarand\u00eb. N\u00eb restorantin ton\u00eb ju do t\u00eb gjeni nj\u00eb kombinim t\u00eb kuzhin\u00ebs mesdhetare dhe tradicionale. Stafi yn\u00eb profesional do t&#8217;ju sh\u00ebrbej\u00eb me profesionaliz\u00ebm dhe ndihm\u00eb p\u00ebr gjith\u00e7ka q\u00eb ju nevojitet. Ju mund t\u00eb shijoni gatimet me ver\u00ebn tuaj t\u00eb preferuar.&#8221; font_container=&#8221;tag:p|text_align:left|color:%23333333&#8243; google_fonts=&#8221;font_family:Playfair%20Display%3Aregular%2Citalic%2C700%2C700italic%2C900%2C900italic|font_style:400%20regular%3A400%3Anormal&#8221; css=&#8221;.vc_custom_1564059021664{padding-right: 40px !important;}&#8221;][vc_single_image image=&#8221;210&#8243; img_size=&#8221;full&#8221; alignment=&#8221;center&#8221;][vc_btn title=&#8221;MENU VERE&#8221; style=&#8221;outline-custom&#8221; outline_custom_color=&#8221;#ad8932&#8243; outline_custom_hover_background=&#8221;#000000&#8243; outline_custom_hover_text=&#8221;#ffffff&#8221; shape=&#8221;square&#8221; align=&#8221;left&#8221; css=&#8221;.vc_custom_1566305101083{margin-left: -50px !important;}&#8221;][\/vc_column][vc_column width=&#8221;1\/3&#8243; offset=&#8221;vc_hidden-lg vc_hidden-md&#8221;][\/vc_column][\/vc_row][vc_row][vc_column width=&#8221;2\/3&#8243; offset=&#8221;vc_hidden-lg vc_hidden-md&#8221;][vc_empty_space height=&#8221;1500px&#8221;][\/vc_column][vc_column width=&#8221;1\/3&#8243; offset=&#8221;vc_hidden-lg vc_hidden-md&#8221;][\/vc_column][\/vc_row][vc_row full_width=&#8221;stretch_row_content_no_spaces&#8221; css=&#8221;.vc_custom_1564046923336{margin-bottom: -1000px !important;}&#8221;][vc_column width=&#8221;1\/2&#8243; offset=&#8221;vc_hidden-sm vc_hidden-xs&#8221;][vc_single_image image=&#8221;210&#8243; img_size=&#8221;full&#8221;][\/vc_column][vc_column width=&#8221;1\/2&#8243; offset=&#8221;vc_hidden-sm vc_hidden-xs&#8221;][vc_empty_space height=&#8221;82px&#8221;]<div class=\"ult-content-box-container kuti\" >\t\t<div class=\"ult-content-box\" style=\"background-color:#f4f4f4;box-shadow: px px px px none;-webkit-transition: all 700ms ease;-moz-transition: all 700ms ease;-ms-transition: all 700ms ease;-o-transition: all 700ms ease;transition: all 700ms ease;\"  data-hover_box_shadow=\"none\"     data-bg=\"#f4f4f4\" >[vc_empty_space height=&#8221;22px&#8221;][vc_custom_heading text=&#8221;RELAX&#8221; font_container=&#8221;tag:h2|text_align:left|color:%23333333&#8243; google_fonts=&#8221;font_family:Playfair%20Display%3Aregular%2Citalic%2C700%2C700italic%2C900%2C900italic|font_style:400%20regular%3A400%3Anormal&#8221; css=&#8221;.vc_custom_1564045801670{padding-left: 30px !important;}&#8221;][vc_custom_heading text=&#8221;Ne jemi t\u00eb vendosur n\u00eb Sarand\u00eb. N\u00eb restorantin ton\u00eb ju do t\u00eb gjeni nj\u00eb kombinim t\u00eb kuzhin\u00ebs mesdhetare dhe tradicionale. Stafi yn\u00eb profesional do t&#8217;ju sh\u00ebrbej\u00eb me profesionaliz\u00ebm dhe ndihm\u00eb p\u00ebr gjith\u00e7ka q\u00eb ju nevojitet.&#8221; font_container=&#8221;tag:p|text_align:left|color:%23333333&#8243; google_fonts=&#8221;font_family:Playfair%20Display%3Aregular%2Citalic%2C700%2C700italic%2C900%2C900italic|font_style:400%20regular%3A400%3Anormal&#8221; css=&#8221;.vc_custom_1566378643929{padding-left: 20px !important;}&#8221;][vc_empty_space height=&#8221;22px&#8221;]\t\t<\/div><\/div>[\/vc_column][\/vc_row][vc_row full_width=&#8221;stretch_row_content_no_spaces&#8221; css=&#8221;.vc_custom_1564046934871{margin-top: -500px !important;margin-bottom: -103px !important;}&#8221;][vc_column width=&#8221;1\/2&#8243; offset=&#8221;vc_hidden-sm vc_hidden-xs&#8221;][\/vc_column][vc_column width=&#8221;1\/2&#8243; offset=&#8221;vc_hidden-sm vc_hidden-xs&#8221;][vc_single_image image=&#8221;230&#8243; img_size=&#8221;full&#8221; alignment=&#8221;right&#8221; image_hovers=&#8221;false&#8221;][\/vc_column][\/vc_row]<\/p>\n<\/div>","protected":false},"excerpt":{"rendered":"<p>[vc_row][vc_column width=&#8221;2\/3&#8243; css=&#8221;.vc_custom_1564047563641{background-color: #f4f4f4 !important;}&#8221; offset=&#8221;vc_hidden-sm vc_hidden-xs&#8221;][vc_custom_heading text=&#8221;Restorant Epidamn&#8221; font_container=&#8221;tag:h2|font_size:60|text_align:left|color:%23ad8932&#8243; google_fonts=&#8221;font_family:Great%20Vibes%3Aregular|font_style:400%20regular%3A400%3Anormal&#8221; css=&#8221;.vc_custom_1564058858212{margin-top: -50px !important;}&#8221;][vc_custom_heading text=&#8221;Ushqim q\u00eb ju inspiron&#8221; font_container=&#8221;tag:h2|text_align:left|color:%23333333&#8243; google_fonts=&#8221;font_family:Playfair%20Display%3Aregular%2Citalic%2C700%2C700italic%2C900%2C900italic|font_style:400%20regular%3A400%3Anormal&#8221;][vc_custom_heading text=&#8221;N\u00ebse do t\u00eb keni nj\u00eb drek\u00eb biznesi, dark\u00eb romantike me qirinj ose thjesht nj\u00eb pije pas nj\u00eb dite t\u00eb z\u00ebn\u00eb, Restoranti Epidamn gjithmon\u00eb do t&#8217;i plot\u00ebsoj\u00eb nevojat tuaja. Mos hezitoni t\u00eb rezervoni nj\u00eb tryez\u00eb dhe&hellip;<\/p>\n","protected":false},"author":1,"featured_media":0,"parent":0,"menu_order":0,"comment_status":"closed","ping_status":"closed","template":"","meta":{"footnotes":""},"class_list":["post-292","page","type-page","status-publish","hentry","description-off"],"_links":{"self":[{"href":"https:\/\/illyrianboutiquehotel.com\/index.php\/wp-json\/wp\/v2\/pages\/292","targetHints":{"allow":["GET"]}}],"collection":[{"href":"https:\/\/illyrianboutiquehotel.com\/index.php\/wp-json\/wp\/v2\/pages"}],"about":[{"href":"https:\/\/illyrianboutiquehotel.com\/index.php\/wp-json\/wp\/v2\/types\/page"}],"author":[{"embeddable":true,"href":"https:\/\/illyrianboutiquehotel.com\/index.php\/wp-json\/wp\/v2\/users\/1"}],"replies":[{"embeddable":true,"href":"https:\/\/illyrianboutiquehotel.com\/index.php\/wp-json\/wp\/v2\/comments?post=292"}],"version-history":[{"count":4,"href":"https:\/\/illyrianboutiquehotel.com\/index.php\/wp-json\/wp\/v2\/pages\/292\/revisions"}],"predecessor-version":[{"id":546,"href":"https:\/\/illyrianboutiquehotel.com\/index.php\/wp-json\/wp\/v2\/pages\/292\/revisions\/546"}],"wp:attachment":[{"href":"https:\/\/illyrianboutiquehotel.com\/index.php\/wp-json\/wp\/v2\/media?parent=292"}],"curies":[{"name":"wp","href":"https:\/\/api.w.org\/{rel}","templated":true}]}}